{"id":762,"date":"2024-05-08T09:05:38","date_gmt":"2024-05-08T06:05:38","guid":{"rendered":"https:\/\/finnwind.fi\/privacy-policy\/"},"modified":"2024-08-16T12:48:17","modified_gmt":"2024-08-16T09:48:17","slug":"privacy-policy","status":"publish","type":"page","link":"https:\/\/finnwind.fi\/en\/privacy-policy\/","title":{"rendered":"Privacy policy"},"content":{"rendered":"<style>.kb-row-layout-id596_b1f718-67 > .kt-row-column-wrap{align-content:start;}:where(.kb-row-layout-id596_b1f718-67 > .kt-row-column-wrap) > .wp-block-kadence-column{justify-content:start;}.kb-row-layout-id596_b1f718-67 > .kt-row-column-wrap{column-gap:var(--global-kb-gap-md, 2rem);row-gap:var(--global-kb-gap-md, 2rem);max-width:var( --global-content-width, 1290px );padding-left:var(--global-content-edge-padding);padding-right:var(--global-content-edge-padding);padding-top:var(--global-kb-spacing-3xl, 6.5rem);padding-bottom:var(--global-kb-spacing-3xl, 6.5rem);grid-template-columns:minmax(0, 1fr);}.kb-row-layout-id596_b1f718-67 > .kt-row-layout-overlay{opacity:0.30;}@media all and (max-width: 1024px){.kb-row-layout-id596_b1f718-67 > .kt-row-column-wrap{grid-template-columns:minmax(0, 1fr);}}@media all and (max-width: 767px){.kb-row-layout-id596_b1f718-67 > .kt-row-column-wrap{grid-template-columns:minmax(0, 1fr);}}<\/style><div class=\"kb-row-layout-wrap kb-row-layout-id596_b1f718-67 alignfull wp-block-kadence-rowlayout\"><div class=\"kt-row-column-wrap kt-has-1-columns kt-row-layout-equal kt-tab-layout-inherit kt-mobile-layout-row kt-row-valign-top kb-theme-content-width\">\n<style>.kadence-column596_9da1c8-41 > .kt-inside-inner-col,.kadence-column596_9da1c8-41 > .kt-inside-inner-col:before{border-top-left-radius:0px;border-top-right-radius:0px;border-bottom-right-radius:0px;border-bottom-left-radius:0px;}.kadence-column596_9da1c8-41 > .kt-inside-inner-col{column-gap:var(--global-kb-gap-sm, 1rem);}.kadence-column596_9da1c8-41 > .kt-inside-inner-col{flex-direction:column;}.kadence-column596_9da1c8-41 > .kt-inside-inner-col > .aligncenter{width:100%;}.kadence-column596_9da1c8-41 > .kt-inside-inner-col:before{opacity:0.3;}.kadence-column596_9da1c8-41{position:relative;}@media all and (max-width: 1024px){.kadence-column596_9da1c8-41 > .kt-inside-inner-col{flex-direction:column;}}@media all and (max-width: 767px){.kadence-column596_9da1c8-41 > .kt-inside-inner-col{flex-direction:column;}}<\/style>\n<div class=\"wp-block-kadence-column kadence-column596_9da1c8-41\"><div class=\"kt-inside-inner-col\"><style>.wp-block-kadence-advancedheading.kt-adv-heading596_116e34-39, .wp-block-kadence-advancedheading.kt-adv-heading596_116e34-39[data-kb-block=\"kb-adv-heading596_116e34-39\"]{font-style:normal;}.wp-block-kadence-advancedheading.kt-adv-heading596_116e34-39 mark, .wp-block-kadence-advancedheading.kt-adv-heading596_116e34-39[data-kb-block=\"kb-adv-heading596_116e34-39\"] mark{font-style:normal;color:#f76a0c;padding-top:0px;padding-right:0px;padding-bottom:0px;padding-left:0px;}<\/style>\n<h1 class=\"kt-adv-heading596_116e34-39 wp-block-kadence-advancedheading\" data-kb-block=\"kb-adv-heading596_116e34-39\">Privacy policy<\/h1>\n\n\n\n<p>Updated 23.5.2018<\/p>\n\n\n\n<h2 class=\"wp-block-heading\">Keeper of the register<\/h2>\n\n\n\n<p>Finnwind Oy<br\/>Koiranojanrinne 4 A<br\/>33880 Lemp\u00e4\u00e4l\u00e4<br\/>E-mail: info@finnwind.fi<\/p>\n\n\n\n<h2 class=\"wp-block-heading\">The person responsible for the register<\/h2>\n\n\n\n<p>Matti Kantonen<br\/>Phone: 045 650 2156<br\/>Email: matti.kantonen@finnwind.fi<\/p>\n\n\n\n<h2 class=\"wp-block-heading\">Name of the register<\/h2>\n\n\n\n<p>Finnwind Oy&#8217;s customer register<\/p>\n\n\n\n<h2 class=\"wp-block-heading\">Purpose of processing personal data<\/h2>\n\n\n\n<p>Customer relationship management<\/p>\n\n\n\n<h2 class=\"wp-block-heading\">Data content of the register<\/h2>\n\n\n\n<p>The person&#8217;s first and last name, street address, postal code, postal town, e-mail address, telephone number and other information necessary for the delivery of the subscription and newsletters and any service and maintenance tasks.<\/p>\n\n\n\n<h2 class=\"wp-block-heading\">Regular data sources for the register<\/h2>\n\n\n\n<p>The customer enters the information on Finnwind Oy&#8217;s website, in the online shop or on the websites of Finnwind Oy&#8217;s partners, and the information collected from the customer during the customer relationship.<\/p>\n\n\n\n<h2 class=\"wp-block-heading\">Regular data disclosures<\/h2>\n\n\n\n<p>The controller will not disclose customers&#8217; personal data to third parties, except for tasks required for the performance of the contract, such as submitting a grid connection notification to the distribution system operator and e.g. the transmission of information necessary to fulfil any warranty obligations to the component manufacturer for warranty delivery and\/or settlement. <\/p>\n\n\n\n<p>Data will not be transferred outside the EU\/EEA.<\/p>\n\n\n\n<h2 class=\"wp-block-heading\">Principles for the protection of the register<\/h2>\n\n\n\n<p>The data required to manage the customer relationship is stored on a WebCRM server outside Finnwind Oy, to which only Finnwind Oy&#8217;s employees responsible for register matters and customer relations have access rights. The data is protected by a username and password. The billing system is hosted on Finnwind&#8217;s own server behind a firewall and anti-virus protection and access is restricted to billing staff only.  <\/p>\n\n\n\n<h2 class=\"wp-block-heading\">Right of access, rectification and erasure<\/h2>\n\n\n\n<p>The customer has the right to review and rectify the data in accordance with the GDPR. In such a situation, the customer should contact the controller and the person responsible for the register and the request for information should be made in such a way that the right of the person requesting the review and\/or correction of the data is sufficiently clearly established in accordance with the law. The customer has the right to have his\/her data erased from the register, except for data that are necessary to maintain, for example. The data may not be deleted from the database unless the data is required to be kept in accordance with the laws and regulations in force in Finland or, for example, in order to protect the data. In the case of data retention in accordance with the law of the country of residence, the data may not be kept by the data subject unless it is necessary for the performance of the contractual relationship and the fulfilment of obligations.    <\/p>\n<\/div><\/div>\n\n<\/div><\/div>","protected":false},"excerpt":{"rendered":"<p>Privacy policy Updated 23.5.2018 Keeper of the register Finnwind OyKoiranojanrinne 4 A33880 Lemp\u00e4\u00e4l\u00e4E-mail: info@finnwind.fi The person responsible for the register Matti KantonenPhone: 045 650 2156Email: matti.kantonen@finnwind.fi Name of the register Finnwind Oy&#8217;s customer register Purpose of processing personal data Customer relationship management Data content of the register The person&#8217;s first and last name, street address,&#8230;<\/p>\n","protected":false},"author":2,"featured_media":0,"parent":0,"menu_order":0,"comment_status":"closed","ping_status":"closed","template":"","meta":{"_acf_changed":false,"_kad_blocks_custom_css":"","_kad_blocks_head_custom_js":"","_kad_blocks_body_custom_js":"","_kad_blocks_footer_custom_js":"","_kad_post_transparent":"","_kad_post_title":"","_kad_post_layout":"","_kad_post_sidebar_id":"","_kad_post_content_style":"","_kad_post_vertical_padding":"","_kad_post_feature":"","_kad_post_feature_position":"","_kad_post_header":false,"_kad_post_footer":false,"footnotes":""},"class_list":["post-762","page","type-page","status-publish","hentry"],"acf":[],"yoast_head":"<!-- This site is optimized with the Yoast SEO plugin v23.3 - https:\/\/yoast.com\/wordpress\/plugins\/seo\/ -->\n<title>Privacy policy - Finnwind<\/title>\n<meta name=\"robots\" content=\"index, follow, max-snippet:-1, max-image-preview:large, max-video-preview:-1\" \/>\n<link rel=\"canonical\" href=\"https:\/\/finnwind.fi\/en\/privacy-policy\/\" \/>\n<meta property=\"og:locale\" content=\"en_US\" \/>\n<meta property=\"og:type\" content=\"article\" \/>\n<meta property=\"og:title\" content=\"Privacy policy - Finnwind\" \/>\n<meta property=\"og:description\" content=\"Privacy policy Updated 23.5.2018 Keeper of the register Finnwind OyKoiranojanrinne 4 A33880 Lemp\u00e4\u00e4l\u00e4E-mail: info@finnwind.fi The person responsible for the register Matti KantonenPhone: 045 650 2156Email: matti.kantonen@finnwind.fi Name of the register Finnwind Oy&#8217;s customer register Purpose of processing personal data Customer relationship management Data content of the register The person&#8217;s first and last name, street address,...\" \/>\n<meta property=\"og:url\" content=\"https:\/\/finnwind.fi\/en\/privacy-policy\/\" \/>\n<meta property=\"og:site_name\" content=\"Finnwind\" \/>\n<meta property=\"article:modified_time\" content=\"2024-08-16T09:48:17+00:00\" \/>\n<meta property=\"og:image\" content=\"https:\/\/finnwind.fi\/wp-content\/uploads\/2024\/02\/Finnwind-aurinkovoimala-asennus.jpg\" \/>\n\t<meta property=\"og:image:width\" content=\"1920\" \/>\n\t<meta property=\"og:image:height\" content=\"1476\" \/>\n\t<meta property=\"og:image:type\" content=\"image\/jpeg\" \/>\n<meta name=\"twitter:card\" content=\"summary_large_image\" \/>\n<meta name=\"twitter:label1\" content=\"Est. reading time\" \/>\n\t<meta name=\"twitter:data1\" content=\"2 minutes\" \/>\n<script type=\"application\/ld+json\" class=\"yoast-schema-graph\">{\"@context\":\"https:\/\/schema.org\",\"@graph\":[{\"@type\":\"WebPage\",\"@id\":\"https:\/\/finnwind.fi\/en\/privacy-policy\/\",\"url\":\"https:\/\/finnwind.fi\/en\/privacy-policy\/\",\"name\":\"Privacy policy - Finnwind\",\"isPartOf\":{\"@id\":\"https:\/\/finnwind.fi\/en\/#website\"},\"datePublished\":\"2024-05-08T06:05:38+00:00\",\"dateModified\":\"2024-08-16T09:48:17+00:00\",\"breadcrumb\":{\"@id\":\"https:\/\/finnwind.fi\/en\/privacy-policy\/#breadcrumb\"},\"inLanguage\":\"en-US\",\"potentialAction\":[{\"@type\":\"ReadAction\",\"target\":[\"https:\/\/finnwind.fi\/en\/privacy-policy\/\"]}]},{\"@type\":\"BreadcrumbList\",\"@id\":\"https:\/\/finnwind.fi\/en\/privacy-policy\/#breadcrumb\",\"itemListElement\":[{\"@type\":\"ListItem\",\"position\":1,\"name\":\"Frontpage\",\"item\":\"https:\/\/finnwind.fi\/en\/\"},{\"@type\":\"ListItem\",\"position\":2,\"name\":\"Privacy policy\"}]},{\"@type\":\"WebSite\",\"@id\":\"https:\/\/finnwind.fi\/en\/#website\",\"url\":\"https:\/\/finnwind.fi\/en\/\",\"name\":\"Finnwind\",\"description\":\"\",\"publisher\":{\"@id\":\"https:\/\/finnwind.fi\/en\/#organization\"},\"potentialAction\":[{\"@type\":\"SearchAction\",\"target\":{\"@type\":\"EntryPoint\",\"urlTemplate\":\"https:\/\/finnwind.fi\/en\/?s={search_term_string}\"},\"query-input\":\"required name=search_term_string\"}],\"inLanguage\":\"en-US\"},{\"@type\":\"Organization\",\"@id\":\"https:\/\/finnwind.fi\/en\/#organization\",\"name\":\"Finnwind Oy\",\"url\":\"https:\/\/finnwind.fi\/en\/\",\"logo\":{\"@type\":\"ImageObject\",\"inLanguage\":\"en-US\",\"@id\":\"https:\/\/finnwind.fi\/en\/#\/schema\/logo\/image\/\",\"url\":\"https:\/\/finnwind.fi\/wp-content\/uploads\/2024\/02\/Finnwind-logo-white.png\",\"contentUrl\":\"https:\/\/finnwind.fi\/wp-content\/uploads\/2024\/02\/Finnwind-logo-white.png\",\"width\":272,\"height\":49,\"caption\":\"Finnwind Oy\"},\"image\":{\"@id\":\"https:\/\/finnwind.fi\/en\/#\/schema\/logo\/image\/\"}}]}<\/script>\n<!-- \/ Yoast SEO plugin. -->","yoast_head_json":{"title":"Privacy policy - Finnwind","robots":{"index":"index","follow":"follow","max-snippet":"max-snippet:-1","max-image-preview":"max-image-preview:large","max-video-preview":"max-video-preview:-1"},"canonical":"https:\/\/finnwind.fi\/en\/privacy-policy\/","og_locale":"en_US","og_type":"article","og_title":"Privacy policy - Finnwind","og_description":"Privacy policy Updated 23.5.2018 Keeper of the register Finnwind OyKoiranojanrinne 4 A33880 Lemp\u00e4\u00e4l\u00e4E-mail: info@finnwind.fi The person responsible for the register Matti KantonenPhone: 045 650 2156Email: matti.kantonen@finnwind.fi Name of the register Finnwind Oy&#8217;s customer register Purpose of processing personal data Customer relationship management Data content of the register The person&#8217;s first and last name, street address,...","og_url":"https:\/\/finnwind.fi\/en\/privacy-policy\/","og_site_name":"Finnwind","article_modified_time":"2024-08-16T09:48:17+00:00","og_image":[{"width":1920,"height":1476,"url":"https:\/\/finnwind.fi\/wp-content\/uploads\/2024\/02\/Finnwind-aurinkovoimala-asennus.jpg","type":"image\/jpeg"}],"twitter_card":"summary_large_image","twitter_misc":{"Est. reading time":"2 minutes"},"schema":{"@context":"https:\/\/schema.org","@graph":[{"@type":"WebPage","@id":"https:\/\/finnwind.fi\/en\/privacy-policy\/","url":"https:\/\/finnwind.fi\/en\/privacy-policy\/","name":"Privacy policy - Finnwind","isPartOf":{"@id":"https:\/\/finnwind.fi\/en\/#website"},"datePublished":"2024-05-08T06:05:38+00:00","dateModified":"2024-08-16T09:48:17+00:00","breadcrumb":{"@id":"https:\/\/finnwind.fi\/en\/privacy-policy\/#breadcrumb"},"inLanguage":"en-US","potentialAction":[{"@type":"ReadAction","target":["https:\/\/finnwind.fi\/en\/privacy-policy\/"]}]},{"@type":"BreadcrumbList","@id":"https:\/\/finnwind.fi\/en\/privacy-policy\/#breadcrumb","itemListElement":[{"@type":"ListItem","position":1,"name":"Frontpage","item":"https:\/\/finnwind.fi\/en\/"},{"@type":"ListItem","position":2,"name":"Privacy policy"}]},{"@type":"WebSite","@id":"https:\/\/finnwind.fi\/en\/#website","url":"https:\/\/finnwind.fi\/en\/","name":"Finnwind","description":"","publisher":{"@id":"https:\/\/finnwind.fi\/en\/#organization"},"potentialAction":[{"@type":"SearchAction","target":{"@type":"EntryPoint","urlTemplate":"https:\/\/finnwind.fi\/en\/?s={search_term_string}"},"query-input":"required name=search_term_string"}],"inLanguage":"en-US"},{"@type":"Organization","@id":"https:\/\/finnwind.fi\/en\/#organization","name":"Finnwind Oy","url":"https:\/\/finnwind.fi\/en\/","logo":{"@type":"ImageObject","inLanguage":"en-US","@id":"https:\/\/finnwind.fi\/en\/#\/schema\/logo\/image\/","url":"https:\/\/finnwind.fi\/wp-content\/uploads\/2024\/02\/Finnwind-logo-white.png","contentUrl":"https:\/\/finnwind.fi\/wp-content\/uploads\/2024\/02\/Finnwind-logo-white.png","width":272,"height":49,"caption":"Finnwind Oy"},"image":{"@id":"https:\/\/finnwind.fi\/en\/#\/schema\/logo\/image\/"}}]}},"taxonomy_info":[],"featured_image_src_large":false,"author_info":{"display_name":"Heidi Happonen","author_link":"https:\/\/finnwind.fi\/en\/author\/heidi\/"},"comment_info":0,"_links":{"self":[{"href":"https:\/\/finnwind.fi\/en\/wp-json\/wp\/v2\/pages\/762","targetHints":{"allow":["GET"]}}],"collection":[{"href":"https:\/\/finnwind.fi\/en\/wp-json\/wp\/v2\/pages"}],"about":[{"href":"https:\/\/finnwind.fi\/en\/wp-json\/wp\/v2\/types\/page"}],"author":[{"embeddable":true,"href":"https:\/\/finnwind.fi\/en\/wp-json\/wp\/v2\/users\/2"}],"replies":[{"embeddable":true,"href":"https:\/\/finnwind.fi\/en\/wp-json\/wp\/v2\/comments?post=762"}],"version-history":[{"count":1,"href":"https:\/\/finnwind.fi\/en\/wp-json\/wp\/v2\/pages\/762\/revisions"}],"predecessor-version":[{"id":763,"href":"https:\/\/finnwind.fi\/en\/wp-json\/wp\/v2\/pages\/762\/revisions\/763"}],"wp:attachment":[{"href":"https:\/\/finnwind.fi\/en\/wp-json\/wp\/v2\/media?parent=762"}],"curies":[{"name":"wp","href":"https:\/\/api.w.org\/{rel}","templated":true}]}}